{"id":1895,"date":"2023-12-13T21:22:23","date_gmt":"2023-12-13T20:22:23","guid":{"rendered":"https:\/\/javni-konkursi.local\/?page_id=1895"},"modified":"2025-11-12T12:19:27","modified_gmt":"2025-11-12T11:19:27","slug":"registruj-se","status":"publish","type":"page","link":"https:\/\/mirn.dev.konkursi.me\/me\/registruj-se\/","title":{"rendered":"Registrujte se"},"content":{"rendered":"<div class='user-registration ur-frontend-form   user-registration-main-form' id='user-registration-form-1890'>\n\t\t\t\t\t\t\t\t<form method='post' class='register' data-form-id=\"1890\"\n\t\t\t\tdata-enable-strength-password=\"1\" data-minimum-password-strength=\"2\"\n\t\t\t\t\t\t\t\t\t\t\t\t\t\t\t \"enctype=\"multipart\/form-data\"\" data-captcha-enabled=\"\" action=\"\">\n\n\t\t\t\t<div class=\"ur-form-row\" data-row-id=\"2\">\t\t\t\t\t\t<div class=\"ur-form-grid ur-grid-1\"\n\t\t\t\t\t\t\tstyle=\"width:48%\">\n\t\t\t\t\t\t\t\t\t\t\t\t\t\t<div data-conditional-logic-enabled=\"\" data-field-id=\"first_name\" class=\"ur-field-item field-first_name fa-solid fa-at\" data-ref-id=\"first_name\">\n\t\t\t\t\t\t\t\t\t<div class=\"form-row validate-required\" id=\"first_name_field\" data-priority=\"\" ><label for=\"first_name\" class=\"ur-label\">Ime <abbr class=\"required\" title=\"potrebno\">*<\/abbr><\/label> <span class=\"input-wrapper\"> <input  data-rules=\"\" data-id=\"first_name\" type=\"text\" class=\"input-text  without_icon input-text ur-frontend-field\" name=\"first_name\" id=\"first_name\" placeholder=\"Ime\"  value=\"\" required=\"required\" data-label=\"First Name\" \/> <\/span> <\/div>\t\t\t\t\t\t\t\t<\/div>\n\t\t\t\t\t\t\t\t\t\t\t\t\t\t<\/div>\n\t\t\t\t\t\t\t\t\t\t\t\t<div class=\"ur-form-grid ur-grid-2\"\n\t\t\t\t\t\t\tstyle=\"width:48%\">\n\t\t\t\t\t\t\t\t\t\t\t\t\t\t<div data-conditional-logic-enabled=\"\" data-field-id=\"last_name\" class=\"ur-field-item field-last_name fa-solid fa-at\" data-ref-id=\"last_name\">\n\t\t\t\t\t\t\t\t\t<div class=\"form-row validate-required\" id=\"last_name_field\" data-priority=\"\" ><label for=\"last_name\" class=\"ur-label\">Prezime <abbr class=\"required\" title=\"potrebno\">*<\/abbr><\/label> <span class=\"input-wrapper\"> <input  data-rules=\"\" data-id=\"last_name\" type=\"text\" class=\"input-text  without_icon input-text ur-frontend-field\" name=\"last_name\" id=\"last_name\" placeholder=\"Prezime\"  value=\"\" required=\"required\" data-label=\"Last Name\" \/> <\/span> <\/div>\t\t\t\t\t\t\t\t<\/div>\n\t\t\t\t\t\t\t\t\t\t\t\t\t\t<\/div>\n\t\t\t\t\t\t\t\t\t\t\t<\/div>\n\t\t\t\t\t<div class=\"ur-form-row\" data-row-id=\"0\">\t\t\t\t\t\t<div class=\"ur-form-grid ur-grid-1\"\n\t\t\t\t\t\t\tstyle=\"width:99%\">\n\t\t\t\t\t\t\t\t\t\t\t\t\t\t<div data-conditional-logic-enabled=\"\" data-field-id=\"company_name\" class=\"ur-field-item field-text fa-solid fa-building\" data-ref-id=\"company_name\">\n\t\t\t\t\t\t\t\t\t<div class=\"form-row validate-required\" id=\"company_name_field\" data-priority=\"\" ><label for=\"company_name\" class=\"ur-label\">Naziv organizacije <abbr class=\"required\" title=\"potrebno\">*<\/abbr><\/label> <span class=\"input-wrapper\"> <input  data-rules=\"\" data-id=\"company_name\" type=\"text\" class=\"input-text  without_icon input-text ur-frontend-field\" name=\"company_name\" id=\"company_name\" placeholder=\"Naziv organizacije\"  value=\"\" required=\"required\" data-label=\"Organisation Name\" \/> <\/span> <\/div>\t\t\t\t\t\t\t\t<\/div>\n\t\t\t\t\t\t\t\t\t\t\t\t\t\t\t\t<div data-conditional-logic-enabled=\"\" data-field-id=\"user_email\" class=\"ur-field-item field-user_email fa-solid fa-envelope\" data-ref-id=\"user_email\">\n\t\t\t\t\t\t\t\t\t<div class=\"form-row validate-required\" id=\"user_email_field\" data-priority=\"\" ><label for=\"user_email\" class=\"ur-label\">E-mail <abbr class=\"required\" title=\"potrebno\">*<\/abbr><\/label> <span class=\"input-wrapper\"> <input  data-rules=\"\" data-id=\"user_email\" type=\"email\" class=\"input-text  without_icon input-email ur-frontend-field\" name=\"user_email\" id=\"user_email\" placeholder=\"E-mail\"  value=\"\" required=\"required\" data-label=\"E-mail\" \/> <\/span> <\/div>\t\t\t\t\t\t\t\t<\/div>\n\t\t\t\t\t\t\t\t\t\t\t\t\t\t\t\t<div data-conditional-logic-enabled=\"\" data-field-id=\"user_confirm_email\" class=\"ur-field-item field-user_confirm_email fa-solid fa-envelope\" data-ref-id=\"user_confirm_email\">\n\t\t\t\t\t\t\t\t\t<div class=\"form-row validate-required\" id=\"user_confirm_email_field\" data-priority=\"\" ><label for=\"user_confirm_email\" class=\"ur-label\">Potvrdi e-mail <abbr class=\"required\" title=\"potrebno\">*<\/abbr><\/label> <span class=\"input-wrapper\"> <input  data-rules=\"\" data-id=\"user_confirm_email\" type=\"email\" class=\"input-text  without_icon input-email ur-frontend-field\" name=\"user_confirm_email\" id=\"user_confirm_email\" placeholder=\"Potvrdi e-mail\"  value=\"\" required=\"required\" data-label=\"Confirm E-mail\" \/> <\/span> <\/div>\t\t\t\t\t\t\t\t<\/div>\n\t\t\t\t\t\t\t\t\t\t\t\t\t\t\t\t<div data-conditional-logic-enabled=\"\" data-field-id=\"user_pass\" class=\"ur-field-item field-user_pass fa-solid fa-lock-keyhole\" data-ref-id=\"user_pass\">\n\t\t\t\t\t\t\t\t\t<div class=\"form-row validate-required hide_show_password\" id=\"user_pass_field\" data-priority=\"\"><label for=\"user_pass\" class=\"ur-label\">Korisni\u010dka \u0161ifra <abbr class=\"required\" title=\"potrebno\">*<\/abbr><\/label> <span class=\"input-wrapper\"> <span class=\"password-input-group input-form-field-icons\"><input data-rules=\"\" data-id=\"user_pass\" type=\"password\" class=\"input-text without_icon input-password ur-frontend-field\" name=\"user_pass\" id=\"user_pass\" placeholder=\"Korisni\u010dka \u0161ifra\"  value=\"\" required=\"required\" data-label=\"User Password\" \/><a href=\"\" class=\"password_preview dashicons dashicons-hidden\" title=\" Prika\u017ei lozinku \"><\/a><\/span> <\/span> <\/div>\t\t\t\t\t\t\t\t<\/div>\n\t\t\t\t\t\t\t\t\t\t\t\t\t\t\t\t<div data-conditional-logic-enabled=\"\" data-field-id=\"user_confirm_password\" class=\"ur-field-item field-user_confirm_password fa-solid fa-lock-keyhole\" data-ref-id=\"user_confirm_password\">\n\t\t\t\t\t\t\t\t\t<div class=\"form-row validate-required hide_show_password\" id=\"user_confirm_password_field\" data-priority=\"\"><label for=\"user_confirm_password\" class=\"ur-label\">Potvrdi \u0161ifru <abbr class=\"required\" title=\"potrebno\">*<\/abbr><\/label> <span class=\"input-wrapper\"> <span class=\"password-input-group input-form-field-icons\"><input data-rules=\"\" data-id=\"user_confirm_password\" type=\"password\" class=\"input-text without_icon input-password ur-frontend-field\" name=\"user_confirm_password\" id=\"user_confirm_password\" placeholder=\"Potvrdi \u0161ifru\"  value=\"\" required=\"required\" data-label=\"Confirm Password\" \/><a href=\"\" class=\"password_preview dashicons dashicons-hidden\" title=\" Prika\u017ei lozinku \"><\/a><\/span> <\/span> <\/div>\t\t\t\t\t\t\t\t<\/div>\n\t\t\t\t\t\t\t\t\t\t\t\t\t\t\t\t<div data-conditional-logic-enabled=\"\" data-field-id=\"ngo_addres\" class=\"ur-field-item field-text\" data-ref-id=\"ngo_addres\">\n\t\t\t\t\t\t\t\t\t<div class=\"form-row validate-required\" id=\"ngo_addres_field\" data-priority=\"\" > <span class=\"input-wrapper\"> <input  data-rules=\"\" data-id=\"ngo_addres\" type=\"text\" class=\"input-text  without_icon input-text ur-frontend-field\" name=\"ngo_addres\" id=\"ngo_addres\" placeholder=\"Unesite adresu NVO organizacije\"  value=\"\" required=\"required\" data-label=\"Adresa NVO\" \/> <\/span> <\/div>\t\t\t\t\t\t\t\t<\/div>\n\t\t\t\t\t\t\t\t\t\t\t\t\t\t\t\t<div data-conditional-logic-enabled=\"\" data-field-id=\"phone_number\" class=\"ur-field-item field-phone\" data-ref-id=\"phone_number\">\n\t\t\t\t\t\t\t\t\t<div class=\"form-row\" id=\"phone_number\" data-priority=\"\"><label for=\"Phone number\" class=\"ur-label\">Telefonski broj<\/label> <input data-rules=\"\" data-id=\"phone_number\" type=\"text\" value=\"\" class=\"ur-frontend-field   ur-smart-phone-field\" name=\"phone_number\" id=\"phone_number\" placeholder=\"\" data-label=\"Phone number\" \/> <\/div>\t\t\t\t\t\t\t\t<\/div>\n\t\t\t\t\t\t\t\t\t\t\t\t\t\t<\/div>\n\t\t\t\t\t\t\t\t\t\t\t<\/div>\n\t\t\t\t\t\t\t\t\t\t\t\t\t\t\t\t\t<div class=\"ur-button-container\" >\n\t\t\t\t\t\t\t\t\t\t\t\t\t\t<button type=\"submit\" class=\"btn button ur-submit-button\"  conditional_rules=\"\">\n\t\t\t\t\t\t\t\t<span><\/span>\n\t\t\t\t\t\t\t\tRegistrujte se\t\t\t\t\t\t\t<\/button>\n\t\t\t\t\t\t\t\t\t\t\t\t\t\t\t\t\t\t\t\t<\/div>\n\t\t\t\t\t\t\n\t\t\t\t<div style=\"clear:both\"><\/div>\n\t\t\t\t\t\t\t\t<input type=\"hidden\" name=\"ur-registration-language\" value=\"bs-BA\"\/>\n\t\t\t\t<input type=\"hidden\" name=\"ur-user-form-id\" value=\"1890\"\/>\n\t\t\t\t<input type=\"hidden\" name=\"ur-redirect-url\" value=\"\"\/>\n\t\t\t\t<input type=\"hidden\" id=\"ur_frontend_form_nonce\" name=\"ur_frontend_form_nonce\" value=\"7090f5b61e\" \/>\n\t\t\t\t\t\t\t<input type=\"hidden\" name=\"trp-form-language\" value=\"me\"\/><\/form>\n\t\t\t\n\t\t<div style=\"clear:both\"><\/div>\n\t<\/div>","protected":false},"excerpt":{"rendered":"<p>Dobro do\u0161li na zvani\u010dni portal MIRN-a. Nakon registracije mo\u017eete jednostavno podnijeti prijavu za kofinansiranje projekata\/programa koji se finansiraju iz EU fondova. Molimo da pa\u017eljivo popunite sve potrebne podatke i prilo\u017eite svu potrebnu dokumentaciju u skladu sa konkursom.<\/p>","protected":false},"author":1,"featured_media":0,"parent":0,"menu_order":0,"comment_status":"closed","ping_status":"closed","template":"registration-page","meta":{"_acf_changed":false,"_crdt_document":"","footnotes":""},"class_list":["post-1895","page","type-page","status-publish","hentry"],"acf":[],"_links":{"self":[{"href":"https:\/\/mirn.dev.konkursi.me\/me\/wp-json\/wp\/v2\/pages\/1895","targetHints":{"allow":["GET"]}}],"collection":[{"href":"https:\/\/mirn.dev.konkursi.me\/me\/wp-json\/wp\/v2\/pages"}],"about":[{"href":"https:\/\/mirn.dev.konkursi.me\/me\/wp-json\/wp\/v2\/types\/page"}],"author":[{"embeddable":true,"href":"https:\/\/mirn.dev.konkursi.me\/me\/wp-json\/wp\/v2\/users\/1"}],"replies":[{"embeddable":true,"href":"https:\/\/mirn.dev.konkursi.me\/me\/wp-json\/wp\/v2\/comments?post=1895"}],"version-history":[{"count":4,"href":"https:\/\/mirn.dev.konkursi.me\/me\/wp-json\/wp\/v2\/pages\/1895\/revisions"}],"predecessor-version":[{"id":7050,"href":"https:\/\/mirn.dev.konkursi.me\/me\/wp-json\/wp\/v2\/pages\/1895\/revisions\/7050"}],"wp:attachment":[{"href":"https:\/\/mirn.dev.konkursi.me\/me\/wp-json\/wp\/v2\/media?parent=1895"}],"curies":[{"name":"wp","href":"https:\/\/api.w.org\/{rel}","templated":true}]}}