{"id":6514,"date":"2025-07-24T12:59:03","date_gmt":"2025-07-24T10:59:03","guid":{"rendered":"https:\/\/mirn.dev.konkursi.me\/?page_id=6514"},"modified":"2026-02-09T09:40:26","modified_gmt":"2026-02-09T08:40:26","slug":"podrska","status":"publish","type":"page","link":"https:\/\/mirn.dev.konkursi.me\/me\/podrska\/","title":{"rendered":"Uputstvo za korisnike"},"content":{"rendered":"<p class=\"wp-block-paragraph\">Dokument pod nazivom \u201cUputstvo za korisnike \u2013 Portal MIRN-a\u201d pru\u017ea detaljna uputstva za kori\u0161\u0107enje portala za konkurse Ministarstva regionalno-investicionog razvoja i saradnje sa nevladinim organizacijama, uklju\u010duju\u0107i registraciju, prijavu, navigaciju kroz javni i personalizovani dio portala, te proces podno\u0161enja prijava na javne konkurse. Sadr\u017ei vodi\u010de za dodavanje dokumenata i pregled prijava, kao i savjete za rje\u0161avanje \u010destih problema. Preuzmite dokument kako biste dobili sve potrebne informacije za efikasno kori\u0161\u0107enje portala.<\/p>\n\n\n\n<div class=\"wp-block-group has-global-padding is-layout-constrained wp-block-group-is-layout-constrained\">\n<div class=\"wp-block-group is-horizontal is-content-justification-left is-nowrap is-layout-flex wp-container-core-group-is-layout-0e834796 wp-block-group-is-layout-flex\">\n<div class=\"wp-block-group is-vertical is-layout-flex wp-container-core-group-is-layout-b0fe5dce wp-block-group-is-layout-flex\">\n<figure class=\"wp-block-image size-full is-resized has-custom-border\"><img loading=\"lazy\" decoding=\"async\" width=\"448\" height=\"512\" src=\"https:\/\/mirn.dev.konkursi.me\/wp-content\/uploads\/2025\/08\/national-crest.png\" alt=\"\" class=\"has-border-color has-base-2-border-color wp-image-6821\" style=\"border-width:1px;width:133px;height:auto\" srcset=\"https:\/\/mirn.dev.konkursi.me\/wp-content\/uploads\/2025\/08\/national-crest.png 448w, https:\/\/mirn.dev.konkursi.me\/wp-content\/uploads\/2025\/08\/national-crest-263x300.png 263w, https:\/\/mirn.dev.konkursi.me\/wp-content\/uploads\/2025\/08\/national-crest-131x150.png 131w, https:\/\/mirn.dev.konkursi.me\/wp-content\/uploads\/2025\/08\/national-crest-11x12.png 11w\" sizes=\"auto, (max-width: 448px) 100vw, 448px\" \/><\/figure>\n<\/div>\n\n\n\n<div class=\"wp-block-group wp-container-content-9cfa9a5a is-vertical is-layout-flex wp-container-core-group-is-layout-b0fe5dce wp-block-group-is-layout-flex\">\n<h6 class=\"wp-block-heading not-underline\"><a href=\"https:\/\/mirn.dev.konkursi.me\/wp-content\/uploads\/2026\/02\/Uputstvo-za-korisnike-Portal-MIRN-a.pdf\" target=\"_blank\" rel=\"noreferrer noopener\">Korisni\u010dko uputstvo<\/a><\/h6>\n\n\n\n<div class=\"wp-block-group is-vertical is-layout-flex wp-container-core-group-is-layout-6017beb2 wp-block-group-is-layout-flex\">\n<div class=\"wp-block-group is-nowrap is-layout-flex wp-container-core-group-is-layout-930feb06 wp-block-group-is-layout-flex\">\n<p class=\"has-contrast-color has-text-color has-link-color has-text-body-md-font-size wp-elements-106a0ae4b8bae14a7004c75992b8d938 wp-block-paragraph\">Verzija 1.0.<\/p>\n\n\n\n<p class=\"has-text-body-md-font-size wp-block-paragraph\"><em>Objavljeno: 13.10.2025. 14:20<\/em><\/p>\n<\/div>\n\n\n\n<div class=\"wp-block-group is-nowrap is-layout-flex wp-container-core-group-is-layout-930feb06 wp-block-group-is-layout-flex\">\n<div class=\"wp-block-buttons is-layout-flex wp-block-buttons-is-layout-flex\">\n<div class=\"wp-block-button is-style-outline btn-icon-arrow-down-to-line is-style-outline--1\"><a class=\"wp-block-button__link wp-element-button\" href=\"https:\/\/mirn.dev.konkursi.me\/wp-content\/uploads\/2026\/02\/Uputstvo-za-korisnike-Portal-MIRN-a.pdf\" target=\"_blank\" rel=\"noreferrer noopener\">Preuzmi<\/a><\/div>\n<\/div>\n\n\n\n<p class=\"has-contrast-4-color has-text-color has-link-color has-text-body-md-font-size wp-elements-07293b263e6c655f9dbb4a0d9042f9d3 wp-block-paragraph\">pdf&nbsp;\u2022 13 MB<\/p>\n<\/div>\n<\/div>\n<\/div>\n<\/div>\n\n\n\n<hr class=\"wp-block-separator has-text-color has-base-3-color has-alpha-channel-opacity has-base-3-background-color has-background is-style-wide\" style=\"margin-top:var(--wp--preset--spacing--12);margin-bottom:var(--wp--preset--spacing--12)\"\/>\n<\/div>","protected":false},"excerpt":{"rendered":"<p>Dokument pod nazivom \u201cUputstvo za korisnike \u2013 Portal MIRN-a\u201d pru\u017ea detaljna uputstva za kori\u0161\u0107enje portala za konkurse Ministarstva regionalno-investicionog razvoja i saradnje sa nevladinim organizacijama, uklju\u010duju\u0107i registraciju, prijavu, navigaciju kroz javni i personalizovani dio portala, te proces podno\u0161enja prijava na javne konkurse. Sadr\u017ei vodi\u010de za dodavanje dokumenata i pregled prijava, kao i savjete za rje\u0161avanje [&hellip;]<\/p>\n","protected":false},"author":1,"featured_media":0,"parent":0,"menu_order":0,"comment_status":"closed","ping_status":"closed","template":"","meta":{"_acf_changed":false,"_crdt_document":"","footnotes":""},"class_list":["post-6514","page","type-page","status-publish","hentry"],"acf":[],"_links":{"self":[{"href":"https:\/\/mirn.dev.konkursi.me\/me\/wp-json\/wp\/v2\/pages\/6514","targetHints":{"allow":["GET"]}}],"collection":[{"href":"https:\/\/mirn.dev.konkursi.me\/me\/wp-json\/wp\/v2\/pages"}],"about":[{"href":"https:\/\/mirn.dev.konkursi.me\/me\/wp-json\/wp\/v2\/types\/page"}],"author":[{"embeddable":true,"href":"https:\/\/mirn.dev.konkursi.me\/me\/wp-json\/wp\/v2\/users\/1"}],"replies":[{"embeddable":true,"href":"https:\/\/mirn.dev.konkursi.me\/me\/wp-json\/wp\/v2\/comments?post=6514"}],"version-history":[{"count":10,"href":"https:\/\/mirn.dev.konkursi.me\/me\/wp-json\/wp\/v2\/pages\/6514\/revisions"}],"predecessor-version":[{"id":7261,"href":"https:\/\/mirn.dev.konkursi.me\/me\/wp-json\/wp\/v2\/pages\/6514\/revisions\/7261"}],"wp:attachment":[{"href":"https:\/\/mirn.dev.konkursi.me\/me\/wp-json\/wp\/v2\/media?parent=6514"}],"curies":[{"name":"wp","href":"https:\/\/api.w.org\/{rel}","templated":true}]}}