{"id":701,"date":"2011-05-20T18:49:43","date_gmt":"2011-05-21T01:49:43","guid":{"rendered":"https:\/\/wpthemetestdata.wordpress.com\/?page_id=701"},"modified":"2025-11-17T15:59:01","modified_gmt":"2025-11-17T14:59:01","slug":"front-page","status":"publish","type":"page","link":"https:\/\/mirn.dev.konkursi.me\/me\/","title":{"rendered":"Ministarstvo regionalno-investicionog razvoja i saradnje sa NVO"},"content":{"rendered":"\n<div class=\"wp-block-cover is-light relative w-full mt-0 md:h-[600px]\" style=\"padding-top:0;padding-right:0;padding-bottom:0;padding-left:0;min-height:600px;aspect-ratio:unset;\"><img loading=\"lazy\" decoding=\"async\" width=\"1024\" height=\"427\" class=\"wp-block-cover__image-background wp-image-6808 size-large\" alt=\"\" src=\"https:\/\/mirn.dev.konkursi.me\/wp-content\/uploads\/2025\/08\/mirn-front-page-1024x427.png\" data-object-fit=\"cover\" srcset=\"https:\/\/mirn.dev.konkursi.me\/wp-content\/uploads\/2025\/08\/mirn-front-page-1024x427.png 1024w, https:\/\/mirn.dev.konkursi.me\/wp-content\/uploads\/2025\/08\/mirn-front-page-300x125.png 300w, https:\/\/mirn.dev.konkursi.me\/wp-content\/uploads\/2025\/08\/mirn-front-page-150x63.png 150w, https:\/\/mirn.dev.konkursi.me\/wp-content\/uploads\/2025\/08\/mirn-front-page-768x320.png 768w, https:\/\/mirn.dev.konkursi.me\/wp-content\/uploads\/2025\/08\/mirn-front-page-18x8.png 18w, https:\/\/mirn.dev.konkursi.me\/wp-content\/uploads\/2025\/08\/mirn-front-page.png 1440w\" sizes=\"auto, (max-width: 1024px) 100vw, 1024px\" \/><span aria-hidden=\"true\" class=\"wp-block-cover__background has-background-dim-0 has-background-dim\" style=\"background-color:#8da3ae\"><\/span><div class=\"wp-block-cover__inner-container is-layout-flow wp-block-cover-is-layout-flow\">\n<div class=\"wp-block-group relative z-50 w-full bg-contrast-6 md:absolute md:inset-0 md:bg-transparent is-layout-flow wp-block-group-is-layout-flow\">\n<div class=\"wp-block-group container box-border flex items-center mx-auto h-full is-layout-flow wp-block-group-is-layout-flow\">\n<div class=\"wp-block-group w-full lg:w-13\/24 sm:w-9\/12 ml-0 md:ml-1\/24 xl:ml-0 md:bg-contrast-6 md:min-h-[250px] is-layout-flow wp-block-group-is-layout-flow\">\n<div class=\"wp-block-group flex gap-4 pt-[40px] pb-[40px] pr-[40px] pl-[17px] md:py-20 md:pl-16 md:pr-20 is-layout-flow wp-block-group-is-layout-flow\">\n<span class=\"wp-block-simple-icon-block-simple-icon-block fal fa-arrow-right  pt-3 md:pt-[10px] md:text-2xl\"><\/span>\n\n\n\n<h1 class=\"wp-block-heading no-block-gap font-medium my-0 leading-tight text-base-1 max-w-[400px]\">Dobro do\u0161li na portal MIRN-a<\/h1>\n<\/div>\n<\/div>\n<\/div>\n<\/div>\n<\/div><\/div>\n\n\n\n<div class=\"wp-block-group mt-0 mb-0 page-block-content no-block-gap-for-children container mx-auto is-layout-flow wp-block-group-is-layout-flow\">\n<div class=\"wp-block-group border-t-2 border-base-3 border-solid border-x-0 border-b-0 is-layout-flow wp-block-group-is-layout-flow\">\n<p class=\"wp-block-paragraph\"><span class=\"-mt-[2px] flex w-20 border-x-0 border-b-0 border-t-4 border-solid border-contrast-6\"><\/span><\/p>\n\n\n\n<div class=\"wp-block-group mt-0 flex flex-col gap-4 pb-4 pt-6 md:flex-row md:items-center md:justify-between md:pt-8 is-layout-flow wp-block-group-is-layout-flow\">\n<h2 class=\"wp-block-heading block text-3-xl font-medium md:text-[40px]\">Najnoviji konkursi<\/h2>\n<\/div>\n<\/div>\n\n\n\n<div class=\"wp-block-query is-layout-flow wp-block-query-is-layout-flow\">\n\n\n<div class=\"wp-block-group is-layout-flow wp-block-group-is-layout-flow\" style=\"margin-top:0;margin-bottom:0;padding-top:var(--wp--preset--spacing--50);padding-right:0;padding-bottom:var(--wp--preset--spacing--50);padding-left:0\"><ul class=\"wp-block-post-template is-layout-grid wp-container-core-post-template-is-layout-3f6fca83 wp-block-post-template-is-layout-grid\"><li class=\"wp-block-post post-6837 post type-post status-publish format-standard hentry category-direkcija-za-saradnju-sa-nevladinim-organizacijama organisational-units-direkcija-za-saradnju-sa-nevladinim-organizacijama\">\n\n<div class=\"wp-block-group no-block-gap-for-children is-vertical is-nowrap is-layout-flex wp-container-core-group-is-layout-fbe8bec7 wp-block-group-is-layout-flex\" style=\"padding-top:0\">\n<div class=\"wp-block-group min-h-4 has-global-padding is-layout-constrained wp-block-group-is-layout-constrained\"><div class=\"taxonomy-category wp-block-post-terms\"><a href=\"https:\/\/mirn.dev.konkursi.me\/me\/konkursi\/direkcija-za-saradnju-sa-nevladinim-organizacijama\/\" rel=\"tag\">Direkcija za saradnju sa nevladinim organizacijama<\/a><\/div><\/div>\n\n\n<h5 class=\"leading-tight wp-block-post-title\"><a href=\"https:\/\/mirn.dev.konkursi.me\/me\/javni-konkurs-za-raspodjelu-sredstava-za-kofinansiranje-projekata-i-programa-nvo-podrzanih-iz-fondova-evropske-unije-za-2025-godinu\/\" target=\"_self\" >Javni konkurs za raspodjelu sredstava za kofinansiranje projekata i programa NVO podr\u017eanih iz fondova Evropske unije za 2025. godinu<\/a><\/h5>\n\n\n<div class=\"wp-block-group has-text-body-sm-font-size is-vertical is-layout-flex wp-container-core-group-is-layout-7a6bb5d2 wp-block-group-is-layout-flex\"><span class=\"wp-block-pubcalls-submission-status is-finished\"><span class=\"wp-block-pubcalls-submission-status__label\">Status:<\/span> <span class=\"wp-block-pubcalls-submission-status__value\">Finished<\/span><\/span>\n\n<span class=\"wp-block-pubcalls-query-dates\"><span class=\"wp-block-pubcalls-query-dates__label\">Rok:<\/span> od  <time class=\"wp-block-pubcalls-query-dates__start\" datetime=\"2025-02-28T08:00:00+00:00\">28.02.2025 \u2022 08:00<\/time> do <time class=\"wp-block-pubcalls-query-dates__end\" datetime=\"2026-03-31T15:00:00+00:00\">31.03.2026 \u2022 15:00<\/time><\/span><\/div>\n<\/div>\n\n<\/li><\/ul>\n\n\n<div style=\"margin-top:0;margin-bottom:0;height:var(--wp--preset--spacing--40)\" aria-hidden=\"true\" class=\"wp-block-spacer\"><\/div>\n\n\n<\/div>\n<\/div>\n<\/div>\n\n\n\n<div class=\"wp-block-group relative mx-auto max-w-max border-t border-r-0 border-b border-l-0 border-solid border-base-3 bg-base-2 is-layout-flow wp-block-group-is-layout-flow\">\n<div class=\"wp-block-group hidden w-full sm:flex sm:absolute sm:inset-0 !items-stretch is-nowrap is-layout-flex wp-container-core-group-is-layout-930feb06 wp-block-group-is-layout-flex\">\n<div class=\"wp-block-group w-full bg-contrast-6 sm:w-half has-global-padding is-layout-constrained wp-block-group-is-layout-constrained\">\n<div style=\"margin-top:0;margin-bottom:0;height:0\" aria-hidden=\"true\" class=\"wp-block-spacer\"><\/div>\n<\/div>\n\n\n\n<div class=\"wp-block-group w-full sm:w-half has-global-padding is-layout-constrained wp-block-group-is-layout-constrained\">\n<div style=\"margin-top:0;margin-bottom:0;height:0\" aria-hidden=\"true\" class=\"wp-block-spacer\"><\/div>\n<\/div>\n<\/div>\n\n\n\n<div class=\"wp-block-group relative z-20 md:container mx-auto no-block-gap is-layout-flow wp-block-group-is-layout-flow\">\n<div class=\"wp-block-group grid md:grid-cols-2 no-block-gap is-layout-flow wp-block-group-is-layout-flow\">\n<div class=\"wp-block-group mt-0 bg-contrast-6 px-4 py-8 text-white md:py-12 md:pr-12 is-layout-flow wp-block-group-is-layout-flow\">\n<h2 class=\"wp-block-heading my-0 text-3-xl font-medium text-white md:text-5-xl\">\u0160ta radi MIRN?<\/h2>\n\n\n\n<p class=\"text-lg italic has-text-body-xl-font-size wp-block-paragraph\">Ministarstvo regionalno-investicionog razvoja i saradnje sa NVO obavlja poslove u vezi sa pripremom i sprovo\u0111enjem propisa i strategija razvoja Crne Gore, saradnjom sa lokalnim samoupravama i drugim akterima regionalnog razvoja, kao i me\u0111unarodnom saradnjom u tim oblastima. Tako\u0111e je nadle\u017eno za regulisanje osnivanja i rada NVO i politi\u010dkih partija, upravljanje EU fondovima namijenjenim NVO u Crnoj Gori, sprovo\u0111enje upravnog nadzora i druge poslove iz svoje nadle\u017enosti.<\/p>\n<\/div>\n\n\n\n<div class=\"wp-block-group no-block-gap bg-base-2 px-4 py-8 md:py-12 md:pl-12 is-layout-flow wp-block-group-is-layout-flow\">\n<h2 class=\"wp-block-heading mb-4 mt-0 text-3-xl md:mb-8\">Follow us<\/h2>\n\n\n\n<div class=\"wp-block-buttons is-vertical is-layout-flex wp-container-core-buttons-is-layout-7b7f8733 wp-block-buttons-is-layout-flex\">\n<div class=\"wp-block-button is-style-link not-underline btn-icon-social  text-16 fab fa-facebook-square is-style-link--1\"><a class=\"wp-block-button__link wp-element-button\" href=\"https:\/\/www.facebook.com\/people\/Ministarstvo-regionalno-investicionog-razvoja-i-saradnje-sa-NVO\/61566035900952\/?_rdr\" target=\"_blank\" rel=\"noreferrer noopener nofollow\">Facebook<\/a><\/div>\n\n\n\n<div class=\"wp-block-button is-style-link not-underline btn-icon-social  text-16 fab fa-instagram-square is-style-link--2\"><a class=\"wp-block-button__link wp-element-button\" href=\"https:\/\/www.instagram.com\/mirncrnegore\/?igsh=MTYzMXM3cW0xNmN0cA%3D%3D\" target=\"_blank\" rel=\"noreferrer noopener\">Instagram<\/a><\/div>\n<\/div>\n<\/div>\n<\/div>\n<\/div>\n<\/div>\n","protected":false},"excerpt":{"rendered":"<p>Najnoviji konkursi \u0160ta radi MIRN? Ministarstvo regionalno-investicionog razvoja i saradnje sa NVO obavlja poslove u vezi sa pripremom i sprovo\u0111enjem propisa i strategija razvoja Crne Gore, saradnjom sa lokalnim samoupravama i drugim akterima regionalnog razvoja, kao i me\u0111unarodnom saradnjom u tim oblastima. Tako\u0111e je nadle\u017eno za regulisanje osnivanja i rada NVO i politi\u010dkih partija, upravljanje [&hellip;]<\/p>\n","protected":false},"author":1,"featured_media":0,"parent":0,"menu_order":0,"comment_status":"open","ping_status":"closed","template":"page-notitle","meta":{"_acf_changed":false,"_crdt_document":"","footnotes":""},"class_list":["post-701","page","type-page","status-publish","hentry"],"acf":[],"_links":{"self":[{"href":"https:\/\/mirn.dev.konkursi.me\/me\/wp-json\/wp\/v2\/pages\/701","targetHints":{"allow":["GET"]}}],"collection":[{"href":"https:\/\/mirn.dev.konkursi.me\/me\/wp-json\/wp\/v2\/pages"}],"about":[{"href":"https:\/\/mirn.dev.konkursi.me\/me\/wp-json\/wp\/v2\/types\/page"}],"author":[{"embeddable":true,"href":"https:\/\/mirn.dev.konkursi.me\/me\/wp-json\/wp\/v2\/users\/1"}],"replies":[{"embeddable":true,"href":"https:\/\/mirn.dev.konkursi.me\/me\/wp-json\/wp\/v2\/comments?post=701"}],"version-history":[{"count":26,"href":"https:\/\/mirn.dev.konkursi.me\/me\/wp-json\/wp\/v2\/pages\/701\/revisions"}],"predecessor-version":[{"id":7077,"href":"https:\/\/mirn.dev.konkursi.me\/me\/wp-json\/wp\/v2\/pages\/701\/revisions\/7077"}],"wp:attachment":[{"href":"https:\/\/mirn.dev.konkursi.me\/me\/wp-json\/wp\/v2\/media?parent=701"}],"curies":[{"name":"wp","href":"https:\/\/api.w.org\/{rel}","templated":true}]}}